{"id":29,"date":"2013-06-21T16:04:40","date_gmt":"2013-06-21T14:04:40","guid":{"rendered":"http:\/\/stefanthoeni.ch\/?page_id=29"},"modified":"2022-11-01T15:44:24","modified_gmt":"2022-11-01T13:44:24","slug":"kontakt","status":"publish","type":"page","link":"https:\/\/stefanthoeni.ch\/index.php\/kontakt\/","title":{"rendered":"Kontakt"},"content":{"rendered":"<p>Es ist Ihnen untersagt, die mich betreffenden Personendaten, inklusive die nachfolgenden Kontaktdaten, ohne meine explizite Zustimmung im Einzelfall in L\u00e4ndern ohne ausreichende Datenschutzgesetzgebung zu verbringen oder dort zu verarbeiten, oder hierf\u00fcr in den USA ans\u00e4ssige Dienstleister, insbesondere Facebook, Google, Amazon oder Microsoft, in Anspruch zu nehmen.<\/p>\n<p><strong>Wer mich kontaktieren will, ist mit Matrix wohl am besten bedient<\/strong><\/p>\n<blockquote><p>@exception:matrix.parat.swiss<\/p><\/blockquote>\n<p>Oder sonst via E-Mail<\/p>\n<blockquote><p><a href=\"mailto:stefan.thoeni@parat.swiss\">stefan.thoeni@parat.swiss<\/a><\/p><\/blockquote>\n<p>Auch mittels sicherer Kommunikation<\/p>\n<blockquote>\n<pre>-----BEGIN PGP PUBLIC KEY BLOCK-----\n\nmJMEYD0o+xMJKyQDAwIIAQENBAMEOwe2kzJ83BOhxPAp0ORg1lQwFK5khnnJ3Un7\nwATgJUXj\/MVUnC+GthqHOSNFKGOO6kOA4zrhxOteA7tT6ebbP0cIM6IAYTmZnOIC\nwMpJ3GC0F1zExHHbaDWIeUn0RGoiKXtntOMSa\/AtBrZn3Kmq6\/YoFHwpmqjJ6rrn\nTokQujK0KVN0ZWZhbiBUaMO2bmkgPHN0ZWZhbi50aG9lbmlAcGFyYXQuc3dpc3M+\niNYEExMKAD4WIQRUD1LhWuYVF\/4rd4fWrsecLmQi1QUCYD0o+wIbAwUJEswDAAUL\nCQgHAgYVCgkICwIEFgIDAQIeAQIXgAAKCRDWrsecLmQi1UB1Af0aJCY2VxRRPJab\nZLFvsQcLAJTw5jFB8Gnw9SneYgaJQhKWCTmN4ylHI67oGWnRQyvswdmkbZVIWuLX\nyfAb5bdJAgCUEA3NoLOCg5dOgkIc7Wsxy+NpQAI4Qpa53WXZoMjTpFWVSD7jNJib\nnoZQnv7EMrCNvtGy0ahVxanzw1EfVwA4iQIzBBMBCgAdFiEELkY9cz+MMx\/eUrRC\nBdZqKI+ZOf8FAmA9KYIACgkQBdZqKI+ZOf86tBAAlGcCfsWgyj9iU7O8Vb9ZtVhX\nHEDtDPTRl3Eawz+l6UFttQRoi6C3uQDGhMGi1wGdBhqV8E2QfWhDX+qwLKMMXM4D\nLox4DK1mf0JeWM30xblYT8QOPG4oQrQ8WqzJ+raqmCYo4hlhve3i1SHMxEZkgC6o\n9+Mg8ZXv+yKi540fvX+CCbG0vktGjF7u6ddLh3Lkc4zQCk4QzW\/cSgFuriyoY90S\no1FWlPCc1X5IxlIt\/XwW2P3y9\/aML8pPZ+bXeIPn6kmVw5W91dleGXVEKnaMYcUa\nH0HiLHVQWUHi1XplAVS0LA+rXQ+fOy0nERk63l5+X6wEjeAY+WOhQlxIC1s3Tmby\n1uPaLakmEA9DdPZkJ447ef3LQ2+kehGJb05jBhol6YHq1H2ZT2+bff3rSFOKzmHW\nI8pLU4juYvP46cEx2Ejs6E1MlAQjUqODlRhA5D1P3iHJcuegjzlUpBtCEj8Fzd63\nkc0kNfxX0eUp4\/C6IEcfJNFVCcsl2UwueN9qJ7XMQdObb5W4EbiED7ReMJKFRHGP\nwwlas\/JkFQyusUxbNBmJOVp7cm5vdJIiuGzfFLxxIsE1GRm78ng4Rt7+fsfj\/wO9\nYIpjPw4iB1S6wWqZrrFk4GEzBcQMTonAWnnQ3BxQY7RdY2q8sj0K1MPcWpA1tbAb\nCGoZf09lKa3geXd8pcW4lwRgPSj7EgkrJAMDAggBAQ0EAwR7Sovw+DRJY5P6+Bb8\nVnDvLIwq9f0FfQoZAiiDK+j0PF0md684LmFM6gm6L9EAV4fRfqGB8TMSxuijK04M\nnbiQlOs93Fcw+tHCVRNHm9JYMYdpBkYHX9H3EEq5StetWYYq+pL+B87nzdi6I7Dm\nV1f4WYbEjmRLwYPtA+8W3VogrQMBCgmIvgQYEwoAJhYhBFQPUuFa5hUX\/it3h9au\nx5wuZCLVBQJgPSj7AhsMBQkSzAMAAAoJENaux5wuZCLV\/z0B\/3AIKi991dI83jYP\n8M2BztRyHVOA\/gXg1lVa7i+f0o4V09WynhOmQ32GU\/EFFbzJli5bhRO7ak6+v9iL\n6n55b6cB+wf7Pv0klKZFTz3mV51Ov\/K2BaP0O\/Aeg9+zRg0FshjoFBztCIcyvBZa\nXIbA3dAnd\/agGfDjpN9Wakb153L4sE4=\n=N3lf\n-----END PGP PUBLIC KEY BLOCK-----<\/pre>\n<\/blockquote>\n<p>Oder im Fediverse bzw. auf <a href=\"https:\/\/joinmastodon.org\/\" target=\"_blank\" rel=\"noopener\">Mastodon<\/a><\/p>\n<blockquote><p><a href=\"https:\/\/mastodon.savvy.ch\/@exception\" target=\"_blank\" rel=\"noopener\">@exception@mastodon.savvy.ch<\/a><\/p><\/blockquote>\n","protected":false},"excerpt":{"rendered":"<p>Es ist Ihnen untersagt, die mich betreffenden Personendaten, inklusive die nachfolgenden Kontaktdaten, ohne meine explizite Zustimmung im Einzelfall in L\u00e4ndern ohne ausreichende Datenschutzgesetzgebung&hellip;<\/p>\n","protected":false},"author":2,"featured_media":456,"parent":0,"menu_order":0,"comment_status":"closed","ping_status":"closed","template":"","meta":{"footnotes":""},"class_list":["post-29","page","type-page","status-publish","has-post-thumbnail","hentry"],"_links":{"self":[{"href":"https:\/\/stefanthoeni.ch\/index.php\/wp-json\/wp\/v2\/pages\/29","targetHints":{"allow":["GET"]}}],"collection":[{"href":"https:\/\/stefanthoeni.ch\/index.php\/wp-json\/wp\/v2\/pages"}],"about":[{"href":"https:\/\/stefanthoeni.ch\/index.php\/wp-json\/wp\/v2\/types\/page"}],"author":[{"embeddable":true,"href":"https:\/\/stefanthoeni.ch\/index.php\/wp-json\/wp\/v2\/users\/2"}],"replies":[{"embeddable":true,"href":"https:\/\/stefanthoeni.ch\/index.php\/wp-json\/wp\/v2\/comments?post=29"}],"version-history":[{"count":15,"href":"https:\/\/stefanthoeni.ch\/index.php\/wp-json\/wp\/v2\/pages\/29\/revisions"}],"predecessor-version":[{"id":750,"href":"https:\/\/stefanthoeni.ch\/index.php\/wp-json\/wp\/v2\/pages\/29\/revisions\/750"}],"wp:featuredmedia":[{"embeddable":true,"href":"https:\/\/stefanthoeni.ch\/index.php\/wp-json\/wp\/v2\/media\/456"}],"wp:attachment":[{"href":"https:\/\/stefanthoeni.ch\/index.php\/wp-json\/wp\/v2\/media?parent=29"}],"curies":[{"name":"wp","href":"https:\/\/api.w.org\/{rel}","templated":true}]}}