{"id":64,"date":"2013-06-21T19:03:24","date_gmt":"2013-06-21T17:03:24","guid":{"rendered":"http:\/\/stefanthoeni.ch\/?page_id=64"},"modified":"2025-04-07T14:37:13","modified_gmt":"2025-04-07T12:37:13","slug":"partei","status":"publish","type":"page","link":"https:\/\/stefanthoeni.ch\/index.php\/partei\/","title":{"rendered":"Partei"},"content":{"rendered":"<p><strong>Mitgliedschaften<\/strong><\/p>\n<ul>\n<li><a href=\"http:\/\/parat.tech\" target=\"_blank\" rel=\"noopener noreferrer\">PARAT<\/a><\/li>\n<li><a href=\"https:\/\/digiges.ch\" target=\"_blank\" rel=\"noopener noreferrer\">Digitale Gesellschaft<\/a><\/li>\n<li><a href=\"http:\/\/www.djs-jds.ch\/de\/ueber-uns-lu.html\" target=\"_blank\" rel=\"noopener noreferrer\">Demokratische Juristen Luzern<\/a><\/li>\n<li><a href=\"https:\/\/chaostreff.wirebug.ch\/\">Chaostreff Zentralschweiz<\/a><\/li>\n<li><a href=\"https:\/\/www.klimaschutz-schweiz.ch\/\">Klimaschutz Schweiz<\/a><\/li>\n<li><a href=\"https:\/\/www.oeffentlichkeitsgesetz.ch\/\">\u00d6ffentlichkeitsgesetz.ch<\/a><\/li>\n<li><a href=\"https:\/\/lobbywatch.ch\">Lobbywatch<\/a><\/li>\n<\/ul>\n<p><strong>Funktionen<\/strong><\/p>\n<ul>\n<li>Seit 2017: Pr\u00e4sident der PARAT<\/li>\n<li>Seit 2016: Pr\u00e4sident der PARAT Steinhausen<\/li>\n<\/ul>\n<p><strong>Fr\u00fchere Funktionen<\/strong><\/p>\n<ul>\n<li>2017-2022: Voristzender Richter am Bundesschiedsgericht der Piratenpartei Deutschland<\/li>\n<li>2018-2021: Pr\u00e4sident des <a href=\"http:\/\/piratengericht.ch\" target=\"_blank\" rel=\"noopener noreferrer\">Piratengerichts<\/a><\/li>\n<li>2015-2018: Co-Pr\u00e4sident der <a href=\"https:\/\/piratenpartei.ch\">Piratenpartei Schweiz<\/a><\/li>\n<li>2016-2017: Ersatzrichter am Bundesschiedsgericht der Piratenpartei Deutschland<\/li>\n<li>2015: Mitglied der Antragskommission zum Bundesparteitag der Piratenpartei Deutschland in Lampertheim<\/li>\n<li>2014-2016: Wahlkampfleiter der Piratenpartei Zentralschweiz<\/li>\n<li>2014-2015: Pr\u00e4sident der Piratenversammlung der Piratenpartei Zentralschweiz<\/li>\n<li>2013-2015: Pr\u00e4sident des Piratengerichts<\/li>\n<li>2010-2015: Internationaler Koordinator der Piratenpartei Schweiz<\/li>\n<li>2010-2013: Pr\u00e4sident der Gesch\u00e4fspr\u00fcfungskommission der Piratenpartei Schweiz<\/li>\n<li>2012-2013: Mitglied der Antragskommission der Piratenpartei Schweiz<\/li>\n<li>2009-2012: Security and Privacy Officer der Piratenpartei Schweiz<\/li>\n<\/ul>\n<p><strong>Wahlantritte:<\/strong><\/p>\n<ul>\n<li>2023: Zuger Verwaltungsgericht (18.2%)<\/li>\n<li>2023: St\u00e4nde- und Nationalrat f\u00fcr Zug (3.6%, resp. 0.4%)<\/li>\n<li>2022: Zuger Verwaltungsgericht (23.9%)<\/li>\n<li>2022: Zuger Verwaltungsgericht (31.6%)<\/li>\n<li>2021: Zuger Verwaltungsgericht: (19.8%)<\/li>\n<li>2020: Stv. Friedensrichter Steinhausen (10.6%)<\/li>\n<li>2019: St\u00e4nderat f\u00fcr Zug (4.1%)<\/li>\n<li>2018: Gemeinderat Steinhausen (17.1%)<\/li>\n<li>2018: Zuger Verwaltungsgericht (29.8%)<\/li>\n<li>2016: Zuger Regierungsrat (5.5%)<\/li>\n<li>2015: St\u00e4nde- und Nationalrat f\u00fcr Zug (4.4% resp. 0.6%)<\/li>\n<li>2014: Zuger Regierungs- und Kantonsrat (12.3% resp. 4.1%)<\/li>\n<\/ul>\n","protected":false},"excerpt":{"rendered":"<p>Mitgliedschaften PARAT Digitale Gesellschaft Demokratische Juristen Luzern Chaostreff Zentralschweiz Klimaschutz Schweiz \u00d6ffentlichkeitsgesetz.ch Lobbywatch Funktionen Seit 2017: Pr\u00e4sident der PARAT Seit 2016: Pr\u00e4sident der&hellip;<\/p>\n","protected":false},"author":2,"featured_media":0,"parent":0,"menu_order":0,"comment_status":"closed","ping_status":"closed","template":"","meta":{"footnotes":""},"class_list":["post-64","page","type-page","status-publish","hentry"],"_links":{"self":[{"href":"https:\/\/stefanthoeni.ch\/index.php\/wp-json\/wp\/v2\/pages\/64","targetHints":{"allow":["GET"]}}],"collection":[{"href":"https:\/\/stefanthoeni.ch\/index.php\/wp-json\/wp\/v2\/pages"}],"about":[{"href":"https:\/\/stefanthoeni.ch\/index.php\/wp-json\/wp\/v2\/types\/page"}],"author":[{"embeddable":true,"href":"https:\/\/stefanthoeni.ch\/index.php\/wp-json\/wp\/v2\/users\/2"}],"replies":[{"embeddable":true,"href":"https:\/\/stefanthoeni.ch\/index.php\/wp-json\/wp\/v2\/comments?post=64"}],"version-history":[{"count":42,"href":"https:\/\/stefanthoeni.ch\/index.php\/wp-json\/wp\/v2\/pages\/64\/revisions"}],"predecessor-version":[{"id":820,"href":"https:\/\/stefanthoeni.ch\/index.php\/wp-json\/wp\/v2\/pages\/64\/revisions\/820"}],"wp:attachment":[{"href":"https:\/\/stefanthoeni.ch\/index.php\/wp-json\/wp\/v2\/media?parent=64"}],"curies":[{"name":"wp","href":"https:\/\/api.w.org\/{rel}","templated":true}]}}